{"id":46,"date":"2018-09-12T15:51:10","date_gmt":"2018-09-12T12:51:10","guid":{"rendered":"https:\/\/www.psl.fi\/?page_id=46"},"modified":"2025-09-08T12:14:31","modified_gmt":"2025-09-08T09:14:31","slug":"kontaktuppgifter","status":"publish","type":"page","link":"https:\/\/www.psl.fi\/sv\/kontaktuppgifter\/","title":{"rendered":"Kontaktuppgifter"},"content":{"rendered":"<p>[et_pb_section fb_built=&#8221;1&#8243; fullwidth=&#8221;on&#8221; _builder_version=&#8221;4.16&#8243; background_color=&#8221;#2ea3f2&#8243; use_background_color_gradient=&#8221;on&#8221; background_color_gradient_direction=&#8221;330deg&#8221; background_color_gradient_stops=&#8221;#2ea3f2 0%|#2e6df4 100%&#8221; background_color_gradient_start=&#8221;#2ea3f2&#8243; background_color_gradient_end=&#8221;#2e6df4&#8243; global_colors_info=&#8221;{}&#8221;][et_pb_fullwidth_slider _builder_version=&#8221;4.16&#8243; min_height=&#8221;640px&#8221; min_height_tablet=&#8221;500px&#8221; min_height_phone=&#8221;500px&#8221; db_height=&#8221;migrated&#8221; global_colors_info=&#8221;{}&#8221; button_text_size__hover_enabled=&#8221;off&#8221; button_text_size__hover=&#8221;null&#8221; button_one_text_size__hover_enabled=&#8221;off&#8221; button_one_text_size__hover=&#8221;null&#8221; button_two_text_size__hover_enabled=&#8221;off&#8221; button_two_text_size__hover=&#8221;null&#8221; button_text_color__hover_enabled=&#8221;off&#8221; button_text_color__hover=&#8221;null&#8221; button_one_text_color__hover_enabled=&#8221;off&#8221; button_one_text_color__hover=&#8221;null&#8221; button_two_text_color__hover_enabled=&#8221;off&#8221; button_two_text_color__hover=&#8221;null&#8221; button_border_width__hover_enabled=&#8221;off&#8221; button_border_width__hover=&#8221;null&#8221; button_one_border_width__hover_enabled=&#8221;off&#8221; button_one_border_width__hover=&#8221;null&#8221; button_two_border_width__hover_enabled=&#8221;off&#8221; button_two_border_width__hover=&#8221;null&#8221; button_border_color__hover_enabled=&#8221;off&#8221; button_border_color__hover=&#8221;null&#8221; button_one_border_color__hover_enabled=&#8221;off&#8221; button_one_border_color__hover=&#8221;null&#8221; button_two_border_color__hover_enabled=&#8221;off&#8221; button_two_border_color__hover=&#8221;null&#8221; button_border_radius__hover_enabled=&#8221;off&#8221; button_border_radius__hover=&#8221;null&#8221; button_one_border_radius__hover_enabled=&#8221;off&#8221; button_one_border_radius__hover=&#8221;null&#8221; button_two_border_radius__hover_enabled=&#8221;off&#8221; button_two_border_radius__hover=&#8221;null&#8221; button_letter_spacing__hover_enabled=&#8221;off&#8221; button_letter_spacing__hover=&#8221;null&#8221; button_one_letter_spacing__hover_enabled=&#8221;off&#8221; button_one_letter_spacing__hover=&#8221;null&#8221; button_two_letter_spacing__hover_enabled=&#8221;off&#8221; button_two_letter_spacing__hover=&#8221;null&#8221; button_bg_color__hover_enabled=&#8221;off&#8221; button_bg_color__hover=&#8221;null&#8221; button_one_bg_color__hover_enabled=&#8221;off&#8221; button_one_bg_color__hover=&#8221;null&#8221; button_two_bg_color__hover_enabled=&#8221;off&#8221; button_two_bg_color__hover=&#8221;null&#8221;][et_pb_slide use_bg_overlay=&#8221;off&#8221; use_text_overlay=&#8221;off&#8221; _builder_version=&#8221;4.16&#8243; background_color=&#8221;#7ebec5&#8243; background_image=&#8221;https:\/\/www.psl.fi\/wp-content\/uploads\/2018\/10\/psl-kontakt.jpg&#8221; button_on_hover=&#8221;on&#8221; global_colors_info=&#8221;{}&#8221; button_text_size__hover_enabled=&#8221;off&#8221; button_one_text_size__hover_enabled=&#8221;off&#8221; button_two_text_size__hover_enabled=&#8221;off&#8221; button_text_color__hover_enabled=&#8221;off&#8221; button_one_text_color__hover_enabled=&#8221;off&#8221; button_two_text_color__hover_enabled=&#8221;off&#8221; button_border_width__hover_enabled=&#8221;off&#8221; button_one_border_width__hover_enabled=&#8221;off&#8221; button_two_border_width__hover_enabled=&#8221;off&#8221; button_border_color__hover_enabled=&#8221;off&#8221; button_one_border_color__hover_enabled=&#8221;off&#8221; button_two_border_color__hover_enabled=&#8221;off&#8221; button_border_radius__hover_enabled=&#8221;off&#8221; button_one_border_radius__hover_enabled=&#8221;off&#8221; button_two_border_radius__hover_enabled=&#8221;off&#8221; button_letter_spacing__hover_enabled=&#8221;off&#8221; button_one_letter_spacing__hover_enabled=&#8221;off&#8221; button_two_letter_spacing__hover_enabled=&#8221;off&#8221; button_bg_color__hover_enabled=&#8221;off&#8221; button_one_bg_color__hover_enabled=&#8221;off&#8221; button_two_bg_color__hover_enabled=&#8221;off&#8221; sticky_transition=&#8221;on&#8221;][\/et_pb_slide][\/et_pb_fullwidth_slider][\/et_pb_section][et_pb_section fb_built=&#8221;1&#8243; _builder_version=&#8221;4.16&#8243; global_colors_info=&#8221;{}&#8221;][et_pb_row column_structure=&#8221;1_2,1_2&#8243; _builder_version=&#8221;4.16&#8243; global_colors_info=&#8221;{}&#8221;][et_pb_column type=&#8221;1_2&#8243; _builder_version=&#8221;4.16&#8243; custom_padding=&#8221;|||&#8221; global_colors_info=&#8221;{}&#8221; custom_padding__hover=&#8221;|||&#8221;][et_pb_text _builder_version=&#8221;4.27.4&#8243; background_size=&#8221;initial&#8221; background_position=&#8221;top_left&#8221; background_repeat=&#8221;repeat&#8221; hover_enabled=&#8221;0&#8243; global_colors_info=&#8221;{}&#8221; sticky_enabled=&#8221;0&#8243;]<\/p>\n<h3>Pl\u00e5tslageri T Lindstr\u00f6m Ab<\/h3>\n<p><strong>Adress: <\/strong>Duvstigen 1<br \/>21600 Pargas<\/p>\n<p><strong>\u00d6ppeth\u00e5llning:<\/strong> M\u00e5-Fre 07:00 &#8211; 16:00<\/p>\n<p><strong>Tel: <\/strong>(02) 458 34 40<\/p>\n<p><strong>E-postadress:<\/strong> psl [at] parnet.fi<\/p>\n<p>[\/et_pb_text][\/et_pb_column][et_pb_column type=&#8221;1_2&#8243; _builder_version=&#8221;4.16&#8243; custom_padding=&#8221;|||&#8221; global_colors_info=&#8221;{}&#8221; custom_padding__hover=&#8221;|||&#8221;][et_pb_code _builder_version=&#8221;4.16&#8243; global_colors_info=&#8221;{}&#8221;]<iframe loading=\"lazy\" src=\"https:\/\/www.google.com\/maps\/embed?pb=!1m18!1m12!1m3!1d1976.7497547839678!2d22.270808016233236!3d60.30066653980381!2m3!1f0!2f0!3f0!3m2!1i1024!2i768!4f13.1!3m3!1m2!1s0x468c7b860ddeb43b%3A0xf12e6fbea8fdf170!2sDuvstigen+1%2C+21600+Pargas!5e0!3m2!1sen!2sfi!4v1538119804836\" width=\"600\" height=\"450\" frameborder=\"0\" style=\"border:0\" allowfullscreen><\/iframe>[\/et_pb_code][\/et_pb_column][\/et_pb_row][\/et_pb_section]<\/p>\n","protected":false},"excerpt":{"rendered":"<p>Pl\u00e5tslageri T Lindstr\u00f6m Ab Adress: Duvstigen 121600 Pargas \u00d6ppeth\u00e5llning: M\u00e5-Fre 07:00 &#8211; 16:00 Tel: (02) 458 34 40 E-postadress: psl [at] parnet.fi<\/p>\n","protected":false},"author":2,"featured_media":0,"parent":0,"menu_order":4,"comment_status":"closed","ping_status":"closed","template":"","meta":{"_et_pb_use_builder":"on","_et_pb_old_content":"","_et_gb_content_width":"","footnotes":""},"class_list":["post-46","page","type-page","status-publish","hentry"],"yoast_head":"<!-- This site is optimized with the Yoast SEO plugin v27.5 - https:\/\/yoast.com\/product\/yoast-seo-wordpress\/ -->\n<title>Kontaktuppgifter - Peltisep&auml;nliike T Lindstr&ouml;m Oy<\/title>\n<meta name=\"robots\" content=\"index, follow, max-snippet:-1, max-image-preview:large, max-video-preview:-1\" \/>\n<link rel=\"canonical\" href=\"https:\/\/www.psl.fi\/sv\/kontaktuppgifter\/\" \/>\n<meta property=\"og:locale\" content=\"sv_SE\" \/>\n<meta property=\"og:type\" content=\"article\" \/>\n<meta property=\"og:title\" content=\"Kontaktuppgifter - Peltisep&auml;nliike T Lindstr&ouml;m Oy\" \/>\n<meta property=\"og:description\" content=\"Pl\u00e5tslageri T Lindstr\u00f6m Ab Adress: Duvstigen 121600 Pargas \u00d6ppeth\u00e5llning: M\u00e5-Fre 07:00 - 16:00 Tel: (02) 458 34 40 E-postadress: psl [at] parnet.fi\" \/>\n<meta property=\"og:url\" content=\"https:\/\/www.psl.fi\/sv\/kontaktuppgifter\/\" \/>\n<meta property=\"og:site_name\" content=\"Peltisep&auml;nliike T Lindstr&ouml;m Oy\" \/>\n<meta property=\"article:modified_time\" content=\"2025-09-08T09:14:31+00:00\" \/>\n<meta name=\"twitter:card\" content=\"summary_large_image\" \/>\n<meta name=\"twitter:label1\" content=\"Ber\u00e4knad l\u00e4stid\" \/>\n\t<meta name=\"twitter:data1\" content=\"1 minut\" \/>\n<script type=\"application\/ld+json\" class=\"yoast-schema-graph\">{\"@context\":\"https:\\\/\\\/schema.org\",\"@graph\":[{\"@type\":\"WebPage\",\"@id\":\"https:\\\/\\\/www.psl.fi\\\/sv\\\/kontaktuppgifter\\\/\",\"url\":\"https:\\\/\\\/www.psl.fi\\\/sv\\\/kontaktuppgifter\\\/\",\"name\":\"Kontaktuppgifter - Peltisep&auml;nliike T Lindstr&ouml;m Oy\",\"isPartOf\":{\"@id\":\"https:\\\/\\\/www.psl.fi\\\/sv\\\/#website\"},\"datePublished\":\"2018-09-12T12:51:10+00:00\",\"dateModified\":\"2025-09-08T09:14:31+00:00\",\"breadcrumb\":{\"@id\":\"https:\\\/\\\/www.psl.fi\\\/sv\\\/kontaktuppgifter\\\/#breadcrumb\"},\"inLanguage\":\"sv-SE\",\"potentialAction\":[{\"@type\":\"ReadAction\",\"target\":[\"https:\\\/\\\/www.psl.fi\\\/sv\\\/kontaktuppgifter\\\/\"]}]},{\"@type\":\"BreadcrumbList\",\"@id\":\"https:\\\/\\\/www.psl.fi\\\/sv\\\/kontaktuppgifter\\\/#breadcrumb\",\"itemListElement\":[{\"@type\":\"ListItem\",\"position\":1,\"name\":\"Home\",\"item\":\"https:\\\/\\\/www.psl.fi\\\/sv\\\/\"},{\"@type\":\"ListItem\",\"position\":2,\"name\":\"Kontaktuppgifter\"}]},{\"@type\":\"WebSite\",\"@id\":\"https:\\\/\\\/www.psl.fi\\\/sv\\\/#website\",\"url\":\"https:\\\/\\\/www.psl.fi\\\/sv\\\/\",\"name\":\"Peltisep\u00e4nliike T Lindstr\u00f6m Oy\",\"description\":\"Takrenoveringar samt pl\u00e5tarbeten\",\"publisher\":{\"@id\":\"https:\\\/\\\/www.psl.fi\\\/sv\\\/#organization\"},\"potentialAction\":[{\"@type\":\"SearchAction\",\"target\":{\"@type\":\"EntryPoint\",\"urlTemplate\":\"https:\\\/\\\/www.psl.fi\\\/sv\\\/?s={search_term_string}\"},\"query-input\":{\"@type\":\"PropertyValueSpecification\",\"valueRequired\":true,\"valueName\":\"search_term_string\"}}],\"inLanguage\":\"sv-SE\"},{\"@type\":\"Organization\",\"@id\":\"https:\\\/\\\/www.psl.fi\\\/sv\\\/#organization\",\"name\":\"Peltisep\u00e4nliike T Lindstr\u00f6m Oy\",\"url\":\"https:\\\/\\\/www.psl.fi\\\/sv\\\/\",\"logo\":{\"@type\":\"ImageObject\",\"inLanguage\":\"sv-SE\",\"@id\":\"https:\\\/\\\/www.psl.fi\\\/sv\\\/#\\\/schema\\\/logo\\\/image\\\/\",\"url\":\"https:\\\/\\\/www.psl.fi\\\/wp-content\\\/uploads\\\/2018\\\/09\\\/lindstrom-logo.png\",\"contentUrl\":\"https:\\\/\\\/www.psl.fi\\\/wp-content\\\/uploads\\\/2018\\\/09\\\/lindstrom-logo.png\",\"width\":600,\"height\":116,\"caption\":\"Peltisep\u00e4nliike T Lindstr\u00f6m Oy\"},\"image\":{\"@id\":\"https:\\\/\\\/www.psl.fi\\\/sv\\\/#\\\/schema\\\/logo\\\/image\\\/\"}}]}<\/script>\n<!-- \/ Yoast SEO plugin. -->","yoast_head_json":{"title":"Kontaktuppgifter - Peltisep&auml;nliike T Lindstr&ouml;m Oy","robots":{"index":"index","follow":"follow","max-snippet":"max-snippet:-1","max-image-preview":"max-image-preview:large","max-video-preview":"max-video-preview:-1"},"canonical":"https:\/\/www.psl.fi\/sv\/kontaktuppgifter\/","og_locale":"sv_SE","og_type":"article","og_title":"Kontaktuppgifter - Peltisep&auml;nliike T Lindstr&ouml;m Oy","og_description":"Pl\u00e5tslageri T Lindstr\u00f6m Ab Adress: Duvstigen 121600 Pargas \u00d6ppeth\u00e5llning: M\u00e5-Fre 07:00 - 16:00 Tel: (02) 458 34 40 E-postadress: psl [at] parnet.fi","og_url":"https:\/\/www.psl.fi\/sv\/kontaktuppgifter\/","og_site_name":"Peltisep&auml;nliike T Lindstr&ouml;m Oy","article_modified_time":"2025-09-08T09:14:31+00:00","twitter_card":"summary_large_image","twitter_misc":{"Ber\u00e4knad l\u00e4stid":"1 minut"},"schema":{"@context":"https:\/\/schema.org","@graph":[{"@type":"WebPage","@id":"https:\/\/www.psl.fi\/sv\/kontaktuppgifter\/","url":"https:\/\/www.psl.fi\/sv\/kontaktuppgifter\/","name":"Kontaktuppgifter - Peltisep&auml;nliike T Lindstr&ouml;m Oy","isPartOf":{"@id":"https:\/\/www.psl.fi\/sv\/#website"},"datePublished":"2018-09-12T12:51:10+00:00","dateModified":"2025-09-08T09:14:31+00:00","breadcrumb":{"@id":"https:\/\/www.psl.fi\/sv\/kontaktuppgifter\/#breadcrumb"},"inLanguage":"sv-SE","potentialAction":[{"@type":"ReadAction","target":["https:\/\/www.psl.fi\/sv\/kontaktuppgifter\/"]}]},{"@type":"BreadcrumbList","@id":"https:\/\/www.psl.fi\/sv\/kontaktuppgifter\/#breadcrumb","itemListElement":[{"@type":"ListItem","position":1,"name":"Home","item":"https:\/\/www.psl.fi\/sv\/"},{"@type":"ListItem","position":2,"name":"Kontaktuppgifter"}]},{"@type":"WebSite","@id":"https:\/\/www.psl.fi\/sv\/#website","url":"https:\/\/www.psl.fi\/sv\/","name":"Peltisep\u00e4nliike T Lindstr\u00f6m Oy","description":"Takrenoveringar samt pl\u00e5tarbeten","publisher":{"@id":"https:\/\/www.psl.fi\/sv\/#organization"},"potentialAction":[{"@type":"SearchAction","target":{"@type":"EntryPoint","urlTemplate":"https:\/\/www.psl.fi\/sv\/?s={search_term_string}"},"query-input":{"@type":"PropertyValueSpecification","valueRequired":true,"valueName":"search_term_string"}}],"inLanguage":"sv-SE"},{"@type":"Organization","@id":"https:\/\/www.psl.fi\/sv\/#organization","name":"Peltisep\u00e4nliike T Lindstr\u00f6m Oy","url":"https:\/\/www.psl.fi\/sv\/","logo":{"@type":"ImageObject","inLanguage":"sv-SE","@id":"https:\/\/www.psl.fi\/sv\/#\/schema\/logo\/image\/","url":"https:\/\/www.psl.fi\/wp-content\/uploads\/2018\/09\/lindstrom-logo.png","contentUrl":"https:\/\/www.psl.fi\/wp-content\/uploads\/2018\/09\/lindstrom-logo.png","width":600,"height":116,"caption":"Peltisep\u00e4nliike T Lindstr\u00f6m Oy"},"image":{"@id":"https:\/\/www.psl.fi\/sv\/#\/schema\/logo\/image\/"}}]}},"_links":{"self":[{"href":"https:\/\/www.psl.fi\/sv\/wp-json\/wp\/v2\/pages\/46","targetHints":{"allow":["GET"]}}],"collection":[{"href":"https:\/\/www.psl.fi\/sv\/wp-json\/wp\/v2\/pages"}],"about":[{"href":"https:\/\/www.psl.fi\/sv\/wp-json\/wp\/v2\/types\/page"}],"author":[{"embeddable":true,"href":"https:\/\/www.psl.fi\/sv\/wp-json\/wp\/v2\/users\/2"}],"replies":[{"embeddable":true,"href":"https:\/\/www.psl.fi\/sv\/wp-json\/wp\/v2\/comments?post=46"}],"version-history":[{"count":2,"href":"https:\/\/www.psl.fi\/sv\/wp-json\/wp\/v2\/pages\/46\/revisions"}],"predecessor-version":[{"id":659,"href":"https:\/\/www.psl.fi\/sv\/wp-json\/wp\/v2\/pages\/46\/revisions\/659"}],"wp:attachment":[{"href":"https:\/\/www.psl.fi\/sv\/wp-json\/wp\/v2\/media?parent=46"}],"curies":[{"name":"wp","href":"https:\/\/api.w.org\/{rel}","templated":true}]}}