{"id":48,"date":"2018-09-12T15:50:13","date_gmt":"2018-09-12T12:50:13","guid":{"rendered":"https:\/\/www.psl.fi\/?page_id=48"},"modified":"2018-10-21T19:04:38","modified_gmt":"2018-10-21T16:04:38","slug":"takrenoveringar","status":"publish","type":"page","link":"https:\/\/www.psl.fi\/sv\/takrenoveringar\/","title":{"rendered":"Takrenoveringar"},"content":{"rendered":"<p>[et_pb_section bb_built=&#8221;1&#8243; fullwidth=&#8221;on&#8221; specialty=&#8221;off&#8221; next_background_color=&#8221;#363a87&#8243; _builder_version=&#8221;3.17.2&#8243; bottom_divider_color=&#8221;#363a87&#8243; bottom_divider_style=&#8221;arrow3&#8243;][et_pb_fullwidth_slider _builder_version=&#8221;3.17.2&#8243; db_height=&#8221;640px&#8221; auto=&#8221;on&#8221;][et_pb_slide _builder_version=&#8221;3.17.2&#8243; button_link=&#8221;#&#8221; button_link_2=&#8221;#&#8221; url_new_window=&#8221;off&#8221; link_option_url_new_window=&#8221;off&#8221; background_color=&#8221;#7EBEC5&#8243; use_background_color_gradient=&#8221;off&#8221; background_color_gradient_start=&#8221;#2b87da&#8221; background_color_gradient_end=&#8221;#29c4a9&#8243; background_color_gradient_type=&#8221;linear&#8221; background_color_gradient_direction=&#8221;180deg&#8221; background_color_gradient_direction_radial=&#8221;center&#8221; background_color_gradient_start_position=&#8221;0%&#8221; background_color_gradient_end_position=&#8221;100%&#8221; background_color_gradient_overlays_image=&#8221;off&#8221; background_image=&#8221;https:\/\/www.psl.fi\/wp-content\/uploads\/2018\/09\/psl_0032.jpg&#8221; parallax=&#8221;on&#8221; parallax_method=&#8221;off&#8221; background_size=&#8221;cover&#8221; background_position=&#8221;center&#8221; background_repeat=&#8221;no-repeat&#8221; background_blend=&#8221;normal&#8221; allow_player_pause=&#8221;off&#8221; background_video_pause_outside_viewport=&#8221;on&#8221; use_bg_overlay=&#8221;off&#8221; use_text_overlay=&#8221;off&#8221; text_border_radius=&#8221;3&#8243; alignment=&#8221;center&#8221; child_filter_hue_rotate=&#8221;0deg&#8221; child_filter_saturate=&#8221;100%&#8221; child_filter_brightness=&#8221;100%&#8221; child_filter_contrast=&#8221;100%&#8221; child_filter_invert=&#8221;0%&#8221; child_filter_sepia=&#8221;0%&#8221; child_filter_opacity=&#8221;100%&#8221; child_filter_blur=&#8221;0px&#8221; child_mix_blend_mode=&#8221;normal&#8221; background_layout=&#8221;dark&#8221; text_shadow_style=&#8221;none&#8221; header_text_shadow_style=&#8221;none&#8221; body_text_shadow_style=&#8221;none&#8221; custom_button=&#8221;off&#8221; button_bg_use_color_gradient=&#8221;off&#8221; button_bg_color_gradient_overlays_image=&#8221;off&#8221; button_use_icon=&#8221;on&#8221; button_on_hover=&#8221;on&#8221; button_text_shadow_style=&#8221;none&#8221; box_shadow_style_button=&#8221;none&#8221; hover_transition_duration=&#8221;300ms&#8221; hover_transition_delay=&#8221;0ms&#8221; hover_transition_speed_curve=&#8221;ease&#8221; text_shadow_horizontal_length=&#8221;0em&#8221; text_shadow_vertical_length=&#8221;0em&#8221; text_shadow_blur_strength=&#8221;0em&#8221; header_text_shadow_horizontal_length=&#8221;0em&#8221; header_text_shadow_vertical_length=&#8221;0em&#8221; header_text_shadow_blur_strength=&#8221;0em&#8221; body_text_shadow_horizontal_length=&#8221;0em&#8221; body_text_shadow_vertical_length=&#8221;0em&#8221; body_text_shadow_blur_strength=&#8221;0em&#8221; button_text_shadow_horizontal_length=&#8221;0em&#8221; button_text_shadow_vertical_length=&#8221;0em&#8221; button_text_shadow_blur_strength=&#8221;0em&#8221; \/][et_pb_slide _builder_version=&#8221;3.17.2&#8243; button_link=&#8221;#&#8221; button_link_2=&#8221;#&#8221; url_new_window=&#8221;off&#8221; link_option_url_new_window=&#8221;off&#8221; background_color=&#8221;#7EBEC5&#8243; use_background_color_gradient=&#8221;off&#8221; background_color_gradient_start=&#8221;#2b87da&#8221; background_color_gradient_end=&#8221;#29c4a9&#8243; background_color_gradient_type=&#8221;linear&#8221; background_color_gradient_direction=&#8221;180deg&#8221; background_color_gradient_direction_radial=&#8221;center&#8221; background_color_gradient_start_position=&#8221;0%&#8221; background_color_gradient_end_position=&#8221;100%&#8221; background_color_gradient_overlays_image=&#8221;off&#8221; background_image=&#8221;https:\/\/www.psl.fi\/wp-content\/uploads\/2018\/10\/psl-peltikatto-asennus.jpg&#8221; parallax=&#8221;off&#8221; parallax_method=&#8221;on&#8221; background_size=&#8221;cover&#8221; background_position=&#8221;center&#8221; background_repeat=&#8221;no-repeat&#8221; background_blend=&#8221;normal&#8221; allow_player_pause=&#8221;off&#8221; background_video_pause_outside_viewport=&#8221;on&#8221; use_bg_overlay=&#8221;off&#8221; use_text_overlay=&#8221;off&#8221; text_border_radius=&#8221;3&#8243; alignment=&#8221;center&#8221; child_filter_hue_rotate=&#8221;0deg&#8221; child_filter_saturate=&#8221;100%&#8221; child_filter_brightness=&#8221;100%&#8221; child_filter_contrast=&#8221;100%&#8221; child_filter_invert=&#8221;0%&#8221; child_filter_sepia=&#8221;0%&#8221; child_filter_opacity=&#8221;100%&#8221; child_filter_blur=&#8221;0px&#8221; child_mix_blend_mode=&#8221;normal&#8221; background_layout=&#8221;dark&#8221; text_shadow_style=&#8221;none&#8221; header_text_shadow_style=&#8221;none&#8221; body_text_shadow_style=&#8221;none&#8221; custom_button=&#8221;off&#8221; button_bg_use_color_gradient=&#8221;off&#8221; button_bg_color_gradient_overlays_image=&#8221;off&#8221; button_use_icon=&#8221;on&#8221; button_on_hover=&#8221;on&#8221; button_text_shadow_style=&#8221;none&#8221; box_shadow_style_button=&#8221;none&#8221; hover_transition_duration=&#8221;300ms&#8221; hover_transition_delay=&#8221;0ms&#8221; hover_transition_speed_curve=&#8221;ease&#8221; \/][et_pb_slide _builder_version=&#8221;3.17.2&#8243; button_link=&#8221;#&#8221; button_link_2=&#8221;#&#8221; url_new_window=&#8221;off&#8221; link_option_url_new_window=&#8221;off&#8221; background_color=&#8221;#7EBEC5&#8243; use_background_color_gradient=&#8221;off&#8221; background_color_gradient_start=&#8221;#2b87da&#8221; background_color_gradient_end=&#8221;#29c4a9&#8243; background_color_gradient_type=&#8221;linear&#8221; background_color_gradient_direction=&#8221;180deg&#8221; background_color_gradient_direction_radial=&#8221;center&#8221; background_color_gradient_start_position=&#8221;0%&#8221; background_color_gradient_end_position=&#8221;100%&#8221; background_color_gradient_overlays_image=&#8221;off&#8221; background_image=&#8221;https:\/\/www.psl.fi\/wp-content\/uploads\/2018\/10\/psl-kattoremontti.jpg&#8221; parallax=&#8221;off&#8221; parallax_method=&#8221;on&#8221; background_size=&#8221;cover&#8221; background_position=&#8221;center&#8221; background_repeat=&#8221;no-repeat&#8221; background_blend=&#8221;normal&#8221; allow_player_pause=&#8221;off&#8221; background_video_pause_outside_viewport=&#8221;on&#8221; use_bg_overlay=&#8221;off&#8221; use_text_overlay=&#8221;off&#8221; text_border_radius=&#8221;3&#8243; alignment=&#8221;center&#8221; child_filter_hue_rotate=&#8221;0deg&#8221; child_filter_saturate=&#8221;100%&#8221; child_filter_brightness=&#8221;100%&#8221; child_filter_contrast=&#8221;100%&#8221; child_filter_invert=&#8221;0%&#8221; child_filter_sepia=&#8221;0%&#8221; child_filter_opacity=&#8221;100%&#8221; child_filter_blur=&#8221;0px&#8221; child_mix_blend_mode=&#8221;normal&#8221; background_layout=&#8221;dark&#8221; text_shadow_style=&#8221;none&#8221; header_text_shadow_style=&#8221;none&#8221; body_text_shadow_style=&#8221;none&#8221; custom_button=&#8221;off&#8221; button_bg_use_color_gradient=&#8221;off&#8221; button_bg_color_gradient_overlays_image=&#8221;off&#8221; button_use_icon=&#8221;on&#8221; button_on_hover=&#8221;on&#8221; button_text_shadow_style=&#8221;none&#8221; box_shadow_style_button=&#8221;none&#8221; hover_transition_duration=&#8221;300ms&#8221; hover_transition_delay=&#8221;0ms&#8221; hover_transition_speed_curve=&#8221;ease&#8221; \/][\/et_pb_fullwidth_slider][\/et_pb_section][et_pb_section bb_built=&#8221;1&#8243; specialty=&#8221;off&#8221; next_background_color=&#8221;#ffffff&#8221; _builder_version=&#8221;3.17.2&#8243; background_color=&#8221;#363a87&#8243; custom_padding=&#8221;||100px|&#8221; prev_background_color=&#8221;#ffffff&#8221;][et_pb_row][et_pb_column type=&#8221;4_4&#8243;][et_pb_text _builder_version=&#8221;3.17.2&#8243; text_orientation=&#8221;center&#8221; background_layout=&#8221;dark&#8221;]<\/p>\n<h2>Takrenoveringar f\u00f6r egnahems-, rad- och h\u00f6ghus<\/h2>\n<p>Takrenoveringar i pl\u00e5t med 40 \u00e5rs erfarenhet.<\/p>\n<p>[\/et_pb_text][\/et_pb_column][\/et_pb_row][\/et_pb_section][et_pb_section bb_built=&#8221;1&#8243; prev_background_color=&#8221;#363a87&#8243;][et_pb_row][et_pb_column type=&#8221;2_3&#8243;][et_pb_text _builder_version=&#8221;3.17.2&#8243;]<\/p>\n<h3>Pl\u00e5ttak &#8211; En h\u00e5llbar och l\u00e4ttsk\u00f6t l\u00f6sning<\/h3>\n<p>Pl\u00e5ttak \u00e4r ett f\u00f6rm\u00e5nligt alternativ f\u00f6r egnahemshus. Pl\u00e5ten \u00e4r ett l\u00e4ttviktigt, vattent\u00e4tt, flexibelt och l\u00e4ttskuret material. Pl\u00e5ttaket kan installeras i hus med olika takprofiler och det finns m\u00e5nga f\u00e4rgalternativ. P\u00e5 pl\u00e5tens yta v\u00e4xer inte mossa och skr\u00e4p fastnar inte lika l\u00e4tt som p\u00e5 andra ytor. Takytan kan ocks\u00e5 tv\u00e4ttas eller m\u00e5las. Det mest h\u00e5llbara alternativet \u00e4r ett dubbelfalsat pl\u00e5ttak, vilket alltid g\u00f6rs av skicklig hantverkare.<\/p>\n<h3>Varf\u00f6r l\u00f6nar det sig att anlita oss vid takanl\u00e4ggningar?<\/h3>\n<p>Vi vill erbjuda v\u00e5ra kunder b\u00e4sta m\u00f6jliga renoveringsupplevelse. Vi vill att saker ska g\u00f6ras s\u00e5som man \u00f6verenskommits med kunden. V\u00e5r takpersonal hanterar ocks\u00e5 alla n\u00f6dv\u00e4ndiga tr\u00e4arbeten och s\u00e5ledes kan vi erbjuda allt enligt &#8221;nyckeln i handen&#8221; -principen.<\/p>\n<p><strong>S\u00e5 h\u00e4r g\u00e5r vi tillv\u00e4ga:<\/strong><\/p>\n<ul>\n<li>Av oss f\u00e5r du en avgiftsfri skickbed\u00f6mning och kostadskalkyl f\u00f6r takrenoveringen.<\/li>\n<li>Vi har ett professionellt installationsteam som planerar och l\u00e4gger upp arbetsfaserna s\u00e5 att de passar med er tidtabell.<\/li>\n<li>Varje takrenovering utf\u00f6rs professionellt enligt angiven tidtabell<strong>.<\/strong><\/li>\n<li>Vi anv\u00e4nder oss enbart av marknades b\u00e4sta takmaterial. Som bevis f\u00f6r detta har vi 10 \u00e5rs installations- och 50 \u00e5rs materialgaranti<\/li>\n<li>Inga \u00f6verraskningsutgifter. Helhetspriset som angivits i offerten h\u00e5ller alltid.<\/li>\n<\/ul>\n<p>[\/et_pb_text][\/et_pb_column][et_pb_column type=&#8221;1_3&#8243;][et_pb_text _builder_version=&#8221;3.17.2&#8243;]<\/p>\n<p><a href=\"https:\/\/www.vero.fi\/sv\/privatpersoner\/skattekort-och-skattedeklaration\/inkomster-och-avdrag\/hushallsavdrag\/hushallsavdrag_for_renoveringskostnade\/\"><img loading=\"lazy\" decoding=\"async\" class=\"alignnone size-medium wp-image-425\" src=\"https:\/\/www.psl.fi\/wp-content\/uploads\/2018\/10\/vero_skatt-1-300x92.png\" alt=\"Skatteverket - Hush\u00e5llsavdrag\" width=\"300\" height=\"92\" srcset=\"https:\/\/www.psl.fi\/wp-content\/uploads\/2018\/10\/vero_skatt-1-300x92.png 300w, https:\/\/www.psl.fi\/wp-content\/uploads\/2018\/10\/vero_skatt-1-20x6.png 20w, https:\/\/www.psl.fi\/wp-content\/uploads\/2018\/10\/vero_skatt-1.png 491w\" sizes=\"(max-width: 300px) 100vw, 300px\" \/><\/a><\/p>\n<h3><strong>Upp till 50% av takrenoveringens arbetetsandel kan dras av i hush\u00e5llsavdraget<\/strong><\/h3>\n<p>Takrenoverings helhetspris best\u00e5r av arbete samt materialkostnader. F\u00f6r arbetet kan upp till 50% dras av direkt i beskattningen, vilket betyder att f\u00f6rm\u00e5nen f\u00e5s tillbaka som en skatte\u00e5terb\u00e4ring. Vid takrenoveringar utg\u00f6r arbetsdelen ca. 50% av helhetspriset.<\/p>\n<p>Hush\u00e5llsavdragets maxbelopp \u00e4r 2400 \u20ac\/person, s\u00e5ledes kan ett par tillsammans f\u00e5 upp till 2018 f\u00e5 upp till 4800 euros avdrag. Avdraget kan \u00e4ven anv\u00e4ndas p\u00e5 fritidsbost\u00e4der eller f\u00f6r f\u00f6r\u00e4ldras takrenoveringar. Avdraget r\u00e4knas p\u00e5 det momsbaserade priset och som sagt enbart p\u00e5 arbetets del och vi delar alltid upp fakturan enligt den modellen.<\/p>\n<p>[\/et_pb_text][\/et_pb_column][\/et_pb_row][\/et_pb_section]<\/p>\n","protected":false},"excerpt":{"rendered":"<p><div class=\"et_pb_row et_pb_row_0 et_pb_row_empty\">\n\t\t\t\t\n\t\t\t\t\n\t\t\t\t\n\t\t\t\t\n\t\t\t\t\n\t\t\t<\/div> Takrenoveringar f\u00f6r egnahems-, rad- och h\u00f6ghus Takrenoveringar i pl\u00e5t med 40 \u00e5rs erfarenhet. <div class=\"et_pb_row et_pb_row_1 et_pb_row_empty\">\n\t\t\t\t\n\t\t\t\t\n\t\t\t\t\n\t\t\t\t\n\t\t\t\t\n\t\t\t<\/div> Pl\u00e5ttak &#8211; En h\u00e5llbar och l\u00e4ttsk\u00f6t l\u00f6sning Pl\u00e5ttak \u00e4r ett f\u00f6rm\u00e5nligt alternativ f\u00f6r egnahemshus. Pl\u00e5ten \u00e4r ett l\u00e4ttviktigt, vattent\u00e4tt, flexibelt och l\u00e4ttskuret material. Pl\u00e5ttaket kan installeras i hus med olika takprofiler och det finns m\u00e5nga f\u00e4rgalternativ. P\u00e5 pl\u00e5tens yta v\u00e4xer [&hellip;]<\/p>\n","protected":false},"author":2,"featured_media":0,"parent":0,"menu_order":1,"comment_status":"closed","ping_status":"closed","template":"","meta":{"_et_pb_use_builder":"on","_et_pb_old_content":"","_et_gb_content_width":"","footnotes":""},"class_list":["post-48","page","type-page","status-publish","hentry"],"yoast_head":"<!-- This site is optimized with the Yoast SEO plugin v27.5 - https:\/\/yoast.com\/product\/yoast-seo-wordpress\/ -->\n<title>Takrenoveringar - Peltisep&auml;nliike T Lindstr&ouml;m Oy<\/title>\n<meta name=\"robots\" content=\"index, follow, max-snippet:-1, max-image-preview:large, max-video-preview:-1\" \/>\n<link rel=\"canonical\" href=\"https:\/\/www.psl.fi\/sv\/takrenoveringar\/\" \/>\n<meta property=\"og:locale\" content=\"sv_SE\" \/>\n<meta property=\"og:type\" content=\"article\" \/>\n<meta property=\"og:title\" content=\"Takrenoveringar - Peltisep&auml;nliike T Lindstr&ouml;m Oy\" \/>\n<meta property=\"og:description\" content=\"Takrenoveringar f\u00f6r egnahems-, rad- och h\u00f6ghus Takrenoveringar i pl\u00e5t med 40 \u00e5rs erfarenhet. Pl\u00e5ttak - En h\u00e5llbar och l\u00e4ttsk\u00f6t l\u00f6sning Pl\u00e5ttak \u00e4r ett f\u00f6rm\u00e5nligt alternativ f\u00f6r egnahemshus. Pl\u00e5ten \u00e4r ett l\u00e4ttviktigt, vattent\u00e4tt, flexibelt och l\u00e4ttskuret material. Pl\u00e5ttaket kan installeras i hus med olika takprofiler och det finns m\u00e5nga f\u00e4rgalternativ. P\u00e5 pl\u00e5tens yta v\u00e4xer [&hellip;]\" \/>\n<meta property=\"og:url\" content=\"https:\/\/www.psl.fi\/sv\/takrenoveringar\/\" \/>\n<meta property=\"og:site_name\" content=\"Peltisep&auml;nliike T Lindstr&ouml;m Oy\" \/>\n<meta property=\"article:modified_time\" content=\"2018-10-21T16:04:38+00:00\" \/>\n<meta property=\"og:image\" content=\"https:\/\/www.psl.fi\/wp-content\/uploads\/2018\/10\/vero_skatt-1-300x92.png\" \/>\n<meta name=\"twitter:card\" content=\"summary_large_image\" \/>\n<meta name=\"twitter:label1\" content=\"Ber\u00e4knad l\u00e4stid\" \/>\n\t<meta name=\"twitter:data1\" content=\"6 minuter\" \/>\n<script type=\"application\/ld+json\" class=\"yoast-schema-graph\">{\"@context\":\"https:\\\/\\\/schema.org\",\"@graph\":[{\"@type\":\"WebPage\",\"@id\":\"https:\\\/\\\/www.psl.fi\\\/sv\\\/takrenoveringar\\\/\",\"url\":\"https:\\\/\\\/www.psl.fi\\\/sv\\\/takrenoveringar\\\/\",\"name\":\"Takrenoveringar - Peltisep&auml;nliike T Lindstr&ouml;m Oy\",\"isPartOf\":{\"@id\":\"https:\\\/\\\/www.psl.fi\\\/sv\\\/#website\"},\"primaryImageOfPage\":{\"@id\":\"https:\\\/\\\/www.psl.fi\\\/sv\\\/takrenoveringar\\\/#primaryimage\"},\"image\":{\"@id\":\"https:\\\/\\\/www.psl.fi\\\/sv\\\/takrenoveringar\\\/#primaryimage\"},\"thumbnailUrl\":\"https:\\\/\\\/www.psl.fi\\\/wp-content\\\/uploads\\\/2018\\\/10\\\/vero_skatt-1-300x92.png\",\"datePublished\":\"2018-09-12T12:50:13+00:00\",\"dateModified\":\"2018-10-21T16:04:38+00:00\",\"breadcrumb\":{\"@id\":\"https:\\\/\\\/www.psl.fi\\\/sv\\\/takrenoveringar\\\/#breadcrumb\"},\"inLanguage\":\"sv-SE\",\"potentialAction\":[{\"@type\":\"ReadAction\",\"target\":[\"https:\\\/\\\/www.psl.fi\\\/sv\\\/takrenoveringar\\\/\"]}]},{\"@type\":\"ImageObject\",\"inLanguage\":\"sv-SE\",\"@id\":\"https:\\\/\\\/www.psl.fi\\\/sv\\\/takrenoveringar\\\/#primaryimage\",\"url\":\"https:\\\/\\\/www.psl.fi\\\/wp-content\\\/uploads\\\/2018\\\/10\\\/vero_skatt-1-300x92.png\",\"contentUrl\":\"https:\\\/\\\/www.psl.fi\\\/wp-content\\\/uploads\\\/2018\\\/10\\\/vero_skatt-1-300x92.png\"},{\"@type\":\"BreadcrumbList\",\"@id\":\"https:\\\/\\\/www.psl.fi\\\/sv\\\/takrenoveringar\\\/#breadcrumb\",\"itemListElement\":[{\"@type\":\"ListItem\",\"position\":1,\"name\":\"Home\",\"item\":\"https:\\\/\\\/www.psl.fi\\\/sv\\\/\"},{\"@type\":\"ListItem\",\"position\":2,\"name\":\"Takrenoveringar\"}]},{\"@type\":\"WebSite\",\"@id\":\"https:\\\/\\\/www.psl.fi\\\/sv\\\/#website\",\"url\":\"https:\\\/\\\/www.psl.fi\\\/sv\\\/\",\"name\":\"Peltisep\u00e4nliike T Lindstr\u00f6m Oy\",\"description\":\"Takrenoveringar samt pl\u00e5tarbeten\",\"publisher\":{\"@id\":\"https:\\\/\\\/www.psl.fi\\\/sv\\\/#organization\"},\"potentialAction\":[{\"@type\":\"SearchAction\",\"target\":{\"@type\":\"EntryPoint\",\"urlTemplate\":\"https:\\\/\\\/www.psl.fi\\\/sv\\\/?s={search_term_string}\"},\"query-input\":{\"@type\":\"PropertyValueSpecification\",\"valueRequired\":true,\"valueName\":\"search_term_string\"}}],\"inLanguage\":\"sv-SE\"},{\"@type\":\"Organization\",\"@id\":\"https:\\\/\\\/www.psl.fi\\\/sv\\\/#organization\",\"name\":\"Peltisep\u00e4nliike T Lindstr\u00f6m Oy\",\"url\":\"https:\\\/\\\/www.psl.fi\\\/sv\\\/\",\"logo\":{\"@type\":\"ImageObject\",\"inLanguage\":\"sv-SE\",\"@id\":\"https:\\\/\\\/www.psl.fi\\\/sv\\\/#\\\/schema\\\/logo\\\/image\\\/\",\"url\":\"https:\\\/\\\/www.psl.fi\\\/wp-content\\\/uploads\\\/2018\\\/09\\\/lindstrom-logo.png\",\"contentUrl\":\"https:\\\/\\\/www.psl.fi\\\/wp-content\\\/uploads\\\/2018\\\/09\\\/lindstrom-logo.png\",\"width\":600,\"height\":116,\"caption\":\"Peltisep\u00e4nliike T Lindstr\u00f6m Oy\"},\"image\":{\"@id\":\"https:\\\/\\\/www.psl.fi\\\/sv\\\/#\\\/schema\\\/logo\\\/image\\\/\"}}]}<\/script>\n<!-- \/ Yoast SEO plugin. -->","yoast_head_json":{"title":"Takrenoveringar - Peltisep&auml;nliike T Lindstr&ouml;m Oy","robots":{"index":"index","follow":"follow","max-snippet":"max-snippet:-1","max-image-preview":"max-image-preview:large","max-video-preview":"max-video-preview:-1"},"canonical":"https:\/\/www.psl.fi\/sv\/takrenoveringar\/","og_locale":"sv_SE","og_type":"article","og_title":"Takrenoveringar - Peltisep&auml;nliike T Lindstr&ouml;m Oy","og_description":"Takrenoveringar f\u00f6r egnahems-, rad- och h\u00f6ghus Takrenoveringar i pl\u00e5t med 40 \u00e5rs erfarenhet. Pl\u00e5ttak - En h\u00e5llbar och l\u00e4ttsk\u00f6t l\u00f6sning Pl\u00e5ttak \u00e4r ett f\u00f6rm\u00e5nligt alternativ f\u00f6r egnahemshus. Pl\u00e5ten \u00e4r ett l\u00e4ttviktigt, vattent\u00e4tt, flexibelt och l\u00e4ttskuret material. Pl\u00e5ttaket kan installeras i hus med olika takprofiler och det finns m\u00e5nga f\u00e4rgalternativ. P\u00e5 pl\u00e5tens yta v\u00e4xer [&hellip;]","og_url":"https:\/\/www.psl.fi\/sv\/takrenoveringar\/","og_site_name":"Peltisep&auml;nliike T Lindstr&ouml;m Oy","article_modified_time":"2018-10-21T16:04:38+00:00","og_image":[{"url":"https:\/\/www.psl.fi\/wp-content\/uploads\/2018\/10\/vero_skatt-1-300x92.png","type":"","width":"","height":""}],"twitter_card":"summary_large_image","twitter_misc":{"Ber\u00e4knad l\u00e4stid":"6 minuter"},"schema":{"@context":"https:\/\/schema.org","@graph":[{"@type":"WebPage","@id":"https:\/\/www.psl.fi\/sv\/takrenoveringar\/","url":"https:\/\/www.psl.fi\/sv\/takrenoveringar\/","name":"Takrenoveringar - Peltisep&auml;nliike T Lindstr&ouml;m Oy","isPartOf":{"@id":"https:\/\/www.psl.fi\/sv\/#website"},"primaryImageOfPage":{"@id":"https:\/\/www.psl.fi\/sv\/takrenoveringar\/#primaryimage"},"image":{"@id":"https:\/\/www.psl.fi\/sv\/takrenoveringar\/#primaryimage"},"thumbnailUrl":"https:\/\/www.psl.fi\/wp-content\/uploads\/2018\/10\/vero_skatt-1-300x92.png","datePublished":"2018-09-12T12:50:13+00:00","dateModified":"2018-10-21T16:04:38+00:00","breadcrumb":{"@id":"https:\/\/www.psl.fi\/sv\/takrenoveringar\/#breadcrumb"},"inLanguage":"sv-SE","potentialAction":[{"@type":"ReadAction","target":["https:\/\/www.psl.fi\/sv\/takrenoveringar\/"]}]},{"@type":"ImageObject","inLanguage":"sv-SE","@id":"https:\/\/www.psl.fi\/sv\/takrenoveringar\/#primaryimage","url":"https:\/\/www.psl.fi\/wp-content\/uploads\/2018\/10\/vero_skatt-1-300x92.png","contentUrl":"https:\/\/www.psl.fi\/wp-content\/uploads\/2018\/10\/vero_skatt-1-300x92.png"},{"@type":"BreadcrumbList","@id":"https:\/\/www.psl.fi\/sv\/takrenoveringar\/#breadcrumb","itemListElement":[{"@type":"ListItem","position":1,"name":"Home","item":"https:\/\/www.psl.fi\/sv\/"},{"@type":"ListItem","position":2,"name":"Takrenoveringar"}]},{"@type":"WebSite","@id":"https:\/\/www.psl.fi\/sv\/#website","url":"https:\/\/www.psl.fi\/sv\/","name":"Peltisep\u00e4nliike T Lindstr\u00f6m Oy","description":"Takrenoveringar samt pl\u00e5tarbeten","publisher":{"@id":"https:\/\/www.psl.fi\/sv\/#organization"},"potentialAction":[{"@type":"SearchAction","target":{"@type":"EntryPoint","urlTemplate":"https:\/\/www.psl.fi\/sv\/?s={search_term_string}"},"query-input":{"@type":"PropertyValueSpecification","valueRequired":true,"valueName":"search_term_string"}}],"inLanguage":"sv-SE"},{"@type":"Organization","@id":"https:\/\/www.psl.fi\/sv\/#organization","name":"Peltisep\u00e4nliike T Lindstr\u00f6m Oy","url":"https:\/\/www.psl.fi\/sv\/","logo":{"@type":"ImageObject","inLanguage":"sv-SE","@id":"https:\/\/www.psl.fi\/sv\/#\/schema\/logo\/image\/","url":"https:\/\/www.psl.fi\/wp-content\/uploads\/2018\/09\/lindstrom-logo.png","contentUrl":"https:\/\/www.psl.fi\/wp-content\/uploads\/2018\/09\/lindstrom-logo.png","width":600,"height":116,"caption":"Peltisep\u00e4nliike T Lindstr\u00f6m Oy"},"image":{"@id":"https:\/\/www.psl.fi\/sv\/#\/schema\/logo\/image\/"}}]}},"_links":{"self":[{"href":"https:\/\/www.psl.fi\/sv\/wp-json\/wp\/v2\/pages\/48","targetHints":{"allow":["GET"]}}],"collection":[{"href":"https:\/\/www.psl.fi\/sv\/wp-json\/wp\/v2\/pages"}],"about":[{"href":"https:\/\/www.psl.fi\/sv\/wp-json\/wp\/v2\/types\/page"}],"author":[{"embeddable":true,"href":"https:\/\/www.psl.fi\/sv\/wp-json\/wp\/v2\/users\/2"}],"replies":[{"embeddable":true,"href":"https:\/\/www.psl.fi\/sv\/wp-json\/wp\/v2\/comments?post=48"}],"version-history":[{"count":0,"href":"https:\/\/www.psl.fi\/sv\/wp-json\/wp\/v2\/pages\/48\/revisions"}],"wp:attachment":[{"href":"https:\/\/www.psl.fi\/sv\/wp-json\/wp\/v2\/media?parent=48"}],"curies":[{"name":"wp","href":"https:\/\/api.w.org\/{rel}","templated":true}]}}