{"id":487,"date":"2018-10-19T11:40:52","date_gmt":"2018-10-19T08:40:52","guid":{"rendered":"https:\/\/www.psl.fi\/?page_id=487"},"modified":"2025-09-08T15:07:47","modified_gmt":"2025-09-08T12:07:47","slug":"platarbeten","status":"publish","type":"page","link":"https:\/\/www.psl.fi\/sv\/platarbeten\/","title":{"rendered":"Pl\u00e5tarbeten"},"content":{"rendered":"<p>[et_pb_section fb_built=&#8221;1&#8243; fullwidth=&#8221;on&#8221; _builder_version=&#8221;4.16&#8243; bottom_divider_style=&#8221;arrow2&#8243; bottom_divider_color=&#8221;#393986&#8243; global_colors_info=&#8221;{}&#8221;][et_pb_fullwidth_slider _builder_version=&#8221;4.16&#8243; min_height=&#8221;640px&#8221; min_height_tablet=&#8221;500px&#8221; min_height_phone=&#8221;500px&#8221; db_height=&#8221;migrated&#8221; global_colors_info=&#8221;{}&#8221;][et_pb_slide use_bg_overlay=&#8221;off&#8221; use_text_overlay=&#8221;off&#8221; _builder_version=&#8221;4.16&#8243; background_image=&#8221;https:\/\/www.psl.fi\/wp-content\/uploads\/2018\/10\/erilaiset-listat.jpg&#8221; parallax=&#8221;on&#8221; parallax_method=&#8221;off&#8221; button_on_hover=&#8221;on&#8221; global_colors_info=&#8221;{}&#8221; sticky_transition=&#8221;on&#8221;][\/et_pb_slide][\/et_pb_fullwidth_slider][\/et_pb_section][et_pb_section fb_built=&#8221;1&#8243; fullwidth=&#8221;on&#8221; _builder_version=&#8221;4.16&#8243; global_colors_info=&#8221;{}&#8221;][et_pb_fullwidth_header title=&#8221;Pl\u00e5tarbeten&#8221; text_orientation=&#8221;center&#8221; _builder_version=&#8221;4.16&#8243; background_color=&#8221;#363a87&#8243; global_colors_info=&#8221;{}&#8221;]Kvalitativa pl\u00e5tprodukter sedan \u00e5r 1980<br \/>\n[\/et_pb_fullwidth_header][\/et_pb_section][et_pb_section fb_built=&#8221;1&#8243; _builder_version=&#8221;4.16&#8243; global_colors_info=&#8221;{}&#8221;][et_pb_row _builder_version=&#8221;4.16&#8243; background_size=&#8221;initial&#8221; background_position=&#8221;top_left&#8221; background_repeat=&#8221;repeat&#8221; global_colors_info=&#8221;{}&#8221; column_structure=&#8221;2_3,1_3&#8243;][et_pb_column type=&#8221;2_3&#8243; _builder_version=&#8221;4.16&#8243; custom_padding=&#8221;|||&#8221; global_colors_info=&#8221;{}&#8221; custom_padding__hover=&#8221;|||&#8221;][et_pb_text _builder_version=&#8221;4.27.4&#8243; hover_enabled=&#8221;0&#8243; global_colors_info=&#8221;{}&#8221; sticky_enabled=&#8221;0&#8243;]<\/p>\n<h2>Byggnadspl\u00e5tarbeten och inpl\u00e5tningar<\/h2>\n<p>Hos oss f\u00e5r du byggnadspl\u00e5tjobb bl.a. f\u00f6r h\u00f6ghus, aff\u00e4rsbyggnader, egnahemshus och hallbyggnader.<\/p>\n<h3>Till v\u00e5ra pl\u00e5tjobb h\u00f6r bland annat<\/h3>\n<ul>\n<li>Tak- samt v\u00e4ggpl\u00e5t och dit h\u00f6rande installationer<\/li>\n<li>Lister och listarbeten<\/li>\n<li>Spispl\u00e5tar<\/li>\n<li>\u00d6vrigt pl\u00e5tningsarbete och bygginpl\u00e5tning<\/li>\n<\/ul>\n<h3>Lister, rader och kantningstj\u00e4nster<\/h3>\n<p>I v\u00e5r verksatd i Pargas tillverkar vi pl\u00e5tlister ennligt kundens \u00f6nskem\u00e5l. Vi bearbeter s\u00e5v\u00e4l st\u00e5l, koppar, aluminium som \u00f6vriga \u00e4delmetaller.<\/p>\n<ul>\n<li>F\u00f6nsterlister<\/li>\n<li>\u00c4ndpl\u00e5tar<\/li>\n<li>Speciallister enligt kundens behov<\/li>\n<li>Spiskupor<\/li>\n<\/ul>\n<h4>Svetsarbeten och reparationer<\/h4>\n<p>Diverse svetsarbeten, i t.ex. aluminium och rostfritt.<\/p>\n<ul>\n<li>Reparation av aluminiumb\u00e5tar<\/li>\n<li>Underleverant\u00f6rsarbeten<\/li>\n<\/ul>\n<p>[\/et_pb_text][\/et_pb_column][et_pb_column type=&#8221;1_3&#8243; _builder_version=&#8221;4.16&#8243; custom_padding=&#8221;|||&#8221; global_colors_info=&#8221;{}&#8221; custom_padding__hover=&#8221;|||&#8221;][et_pb_image src=&#8221;https:\/\/www.psl.fi\/wp-content\/uploads\/2018\/10\/erilaiset-listat.jpg&#8221; align_tablet=&#8221;center&#8221; align_last_edited=&#8221;on|desktop&#8221; _builder_version=&#8221;4.16&#8243; global_colors_info=&#8221;{}&#8221; align_phone=&#8221;center&#8221;][\/et_pb_image][et_pb_image src=&#8221;https:\/\/www.psl.fi\/wp-content\/uploads\/2018\/10\/FVL7932.jpg&#8221; align_tablet=&#8221;center&#8221; align_last_edited=&#8221;on|desktop&#8221; _builder_version=&#8221;4.16&#8243; global_colors_info=&#8221;{}&#8221; align_phone=&#8221;center&#8221;][\/et_pb_image][et_pb_image src=&#8221;https:\/\/www.psl.fi\/wp-content\/uploads\/2018\/10\/hitsaustyot.jpg&#8221; align_tablet=&#8221;center&#8221; align_last_edited=&#8221;on|desktop&#8221; _builder_version=&#8221;4.16&#8243; global_colors_info=&#8221;{}&#8221; align_phone=&#8221;center&#8221;][\/et_pb_image][\/et_pb_column][\/et_pb_row][\/et_pb_section]<\/p>\n","protected":false},"excerpt":{"rendered":"<p>Kvalitativa pl\u00e5tprodukter sedan \u00e5r 1980 Byggnadspl\u00e5tarbeten och inpl\u00e5tningar Hos oss f\u00e5r du byggnadspl\u00e5tjobb bl.a. f\u00f6r h\u00f6ghus, aff\u00e4rsbyggnader, egnahemshus och hallbyggnader. Till v\u00e5ra pl\u00e5tjobb h\u00f6r bland annat Tak- samt v\u00e4ggpl\u00e5t och dit h\u00f6rande installationer Lister och listarbeten Spispl\u00e5tar \u00d6vrigt pl\u00e5tningsarbete och bygginpl\u00e5tning Lister, rader och kantningstj\u00e4nster I v\u00e5r verksatd i Pargas tillverkar vi pl\u00e5tlister ennligt kundens [&hellip;]<\/p>\n","protected":false},"author":2,"featured_media":0,"parent":0,"menu_order":2,"comment_status":"closed","ping_status":"closed","template":"","meta":{"_et_pb_use_builder":"on","_et_pb_old_content":"","_et_gb_content_width":"","footnotes":""},"class_list":["post-487","page","type-page","status-publish","hentry"],"yoast_head":"<!-- This site is optimized with the Yoast SEO plugin v27.5 - https:\/\/yoast.com\/product\/yoast-seo-wordpress\/ -->\n<title>Pl\u00e5tarbeten - Peltisep&auml;nliike T Lindstr&ouml;m Oy<\/title>\n<meta name=\"robots\" content=\"index, follow, max-snippet:-1, max-image-preview:large, max-video-preview:-1\" \/>\n<link rel=\"canonical\" href=\"https:\/\/www.psl.fi\/sv\/platarbeten\/\" \/>\n<meta property=\"og:locale\" content=\"sv_SE\" \/>\n<meta property=\"og:type\" content=\"article\" \/>\n<meta property=\"og:title\" content=\"Pl\u00e5tarbeten - Peltisep&auml;nliike T Lindstr&ouml;m Oy\" \/>\n<meta property=\"og:description\" content=\"Kvalitativa pl\u00e5tprodukter sedan \u00e5r 1980 Byggnadspl\u00e5tarbeten och inpl\u00e5tningar Hos oss f\u00e5r du byggnadspl\u00e5tjobb bl.a. f\u00f6r h\u00f6ghus, aff\u00e4rsbyggnader, egnahemshus och hallbyggnader. Till v\u00e5ra pl\u00e5tjobb h\u00f6r bland annat Tak- samt v\u00e4ggpl\u00e5t och dit h\u00f6rande installationer Lister och listarbeten Spispl\u00e5tar \u00d6vrigt pl\u00e5tningsarbete och bygginpl\u00e5tning Lister, rader och kantningstj\u00e4nster I v\u00e5r verksatd i Pargas tillverkar vi pl\u00e5tlister ennligt kundens [&hellip;]\" \/>\n<meta property=\"og:url\" content=\"https:\/\/www.psl.fi\/sv\/platarbeten\/\" \/>\n<meta property=\"og:site_name\" content=\"Peltisep&auml;nliike T Lindstr&ouml;m Oy\" \/>\n<meta property=\"article:modified_time\" content=\"2025-09-08T12:07:47+00:00\" \/>\n<meta name=\"twitter:card\" content=\"summary_large_image\" \/>\n<meta name=\"twitter:label1\" content=\"Ber\u00e4knad l\u00e4stid\" \/>\n\t<meta name=\"twitter:data1\" content=\"2 minuter\" \/>\n<script type=\"application\/ld+json\" class=\"yoast-schema-graph\">{\"@context\":\"https:\\\/\\\/schema.org\",\"@graph\":[{\"@type\":\"WebPage\",\"@id\":\"https:\\\/\\\/www.psl.fi\\\/sv\\\/platarbeten\\\/\",\"url\":\"https:\\\/\\\/www.psl.fi\\\/sv\\\/platarbeten\\\/\",\"name\":\"Pl\u00e5tarbeten - Peltisep&auml;nliike T Lindstr&ouml;m Oy\",\"isPartOf\":{\"@id\":\"https:\\\/\\\/www.psl.fi\\\/sv\\\/#website\"},\"datePublished\":\"2018-10-19T08:40:52+00:00\",\"dateModified\":\"2025-09-08T12:07:47+00:00\",\"breadcrumb\":{\"@id\":\"https:\\\/\\\/www.psl.fi\\\/sv\\\/platarbeten\\\/#breadcrumb\"},\"inLanguage\":\"sv-SE\",\"potentialAction\":[{\"@type\":\"ReadAction\",\"target\":[\"https:\\\/\\\/www.psl.fi\\\/sv\\\/platarbeten\\\/\"]}]},{\"@type\":\"BreadcrumbList\",\"@id\":\"https:\\\/\\\/www.psl.fi\\\/sv\\\/platarbeten\\\/#breadcrumb\",\"itemListElement\":[{\"@type\":\"ListItem\",\"position\":1,\"name\":\"Home\",\"item\":\"https:\\\/\\\/www.psl.fi\\\/sv\\\/\"},{\"@type\":\"ListItem\",\"position\":2,\"name\":\"Pl\u00e5tarbeten\"}]},{\"@type\":\"WebSite\",\"@id\":\"https:\\\/\\\/www.psl.fi\\\/sv\\\/#website\",\"url\":\"https:\\\/\\\/www.psl.fi\\\/sv\\\/\",\"name\":\"Peltisep\u00e4nliike T Lindstr\u00f6m Oy\",\"description\":\"Takrenoveringar samt pl\u00e5tarbeten\",\"publisher\":{\"@id\":\"https:\\\/\\\/www.psl.fi\\\/sv\\\/#organization\"},\"potentialAction\":[{\"@type\":\"SearchAction\",\"target\":{\"@type\":\"EntryPoint\",\"urlTemplate\":\"https:\\\/\\\/www.psl.fi\\\/sv\\\/?s={search_term_string}\"},\"query-input\":{\"@type\":\"PropertyValueSpecification\",\"valueRequired\":true,\"valueName\":\"search_term_string\"}}],\"inLanguage\":\"sv-SE\"},{\"@type\":\"Organization\",\"@id\":\"https:\\\/\\\/www.psl.fi\\\/sv\\\/#organization\",\"name\":\"Peltisep\u00e4nliike T Lindstr\u00f6m Oy\",\"url\":\"https:\\\/\\\/www.psl.fi\\\/sv\\\/\",\"logo\":{\"@type\":\"ImageObject\",\"inLanguage\":\"sv-SE\",\"@id\":\"https:\\\/\\\/www.psl.fi\\\/sv\\\/#\\\/schema\\\/logo\\\/image\\\/\",\"url\":\"https:\\\/\\\/www.psl.fi\\\/wp-content\\\/uploads\\\/2018\\\/09\\\/lindstrom-logo.png\",\"contentUrl\":\"https:\\\/\\\/www.psl.fi\\\/wp-content\\\/uploads\\\/2018\\\/09\\\/lindstrom-logo.png\",\"width\":600,\"height\":116,\"caption\":\"Peltisep\u00e4nliike T Lindstr\u00f6m Oy\"},\"image\":{\"@id\":\"https:\\\/\\\/www.psl.fi\\\/sv\\\/#\\\/schema\\\/logo\\\/image\\\/\"}}]}<\/script>\n<!-- \/ Yoast SEO plugin. -->","yoast_head_json":{"title":"Pl\u00e5tarbeten - Peltisep&auml;nliike T Lindstr&ouml;m Oy","robots":{"index":"index","follow":"follow","max-snippet":"max-snippet:-1","max-image-preview":"max-image-preview:large","max-video-preview":"max-video-preview:-1"},"canonical":"https:\/\/www.psl.fi\/sv\/platarbeten\/","og_locale":"sv_SE","og_type":"article","og_title":"Pl\u00e5tarbeten - Peltisep&auml;nliike T Lindstr&ouml;m Oy","og_description":"Kvalitativa pl\u00e5tprodukter sedan \u00e5r 1980 Byggnadspl\u00e5tarbeten och inpl\u00e5tningar Hos oss f\u00e5r du byggnadspl\u00e5tjobb bl.a. f\u00f6r h\u00f6ghus, aff\u00e4rsbyggnader, egnahemshus och hallbyggnader. Till v\u00e5ra pl\u00e5tjobb h\u00f6r bland annat Tak- samt v\u00e4ggpl\u00e5t och dit h\u00f6rande installationer Lister och listarbeten Spispl\u00e5tar \u00d6vrigt pl\u00e5tningsarbete och bygginpl\u00e5tning Lister, rader och kantningstj\u00e4nster I v\u00e5r verksatd i Pargas tillverkar vi pl\u00e5tlister ennligt kundens [&hellip;]","og_url":"https:\/\/www.psl.fi\/sv\/platarbeten\/","og_site_name":"Peltisep&auml;nliike T Lindstr&ouml;m Oy","article_modified_time":"2025-09-08T12:07:47+00:00","twitter_card":"summary_large_image","twitter_misc":{"Ber\u00e4knad l\u00e4stid":"2 minuter"},"schema":{"@context":"https:\/\/schema.org","@graph":[{"@type":"WebPage","@id":"https:\/\/www.psl.fi\/sv\/platarbeten\/","url":"https:\/\/www.psl.fi\/sv\/platarbeten\/","name":"Pl\u00e5tarbeten - Peltisep&auml;nliike T Lindstr&ouml;m Oy","isPartOf":{"@id":"https:\/\/www.psl.fi\/sv\/#website"},"datePublished":"2018-10-19T08:40:52+00:00","dateModified":"2025-09-08T12:07:47+00:00","breadcrumb":{"@id":"https:\/\/www.psl.fi\/sv\/platarbeten\/#breadcrumb"},"inLanguage":"sv-SE","potentialAction":[{"@type":"ReadAction","target":["https:\/\/www.psl.fi\/sv\/platarbeten\/"]}]},{"@type":"BreadcrumbList","@id":"https:\/\/www.psl.fi\/sv\/platarbeten\/#breadcrumb","itemListElement":[{"@type":"ListItem","position":1,"name":"Home","item":"https:\/\/www.psl.fi\/sv\/"},{"@type":"ListItem","position":2,"name":"Pl\u00e5tarbeten"}]},{"@type":"WebSite","@id":"https:\/\/www.psl.fi\/sv\/#website","url":"https:\/\/www.psl.fi\/sv\/","name":"Peltisep\u00e4nliike T Lindstr\u00f6m Oy","description":"Takrenoveringar samt pl\u00e5tarbeten","publisher":{"@id":"https:\/\/www.psl.fi\/sv\/#organization"},"potentialAction":[{"@type":"SearchAction","target":{"@type":"EntryPoint","urlTemplate":"https:\/\/www.psl.fi\/sv\/?s={search_term_string}"},"query-input":{"@type":"PropertyValueSpecification","valueRequired":true,"valueName":"search_term_string"}}],"inLanguage":"sv-SE"},{"@type":"Organization","@id":"https:\/\/www.psl.fi\/sv\/#organization","name":"Peltisep\u00e4nliike T Lindstr\u00f6m Oy","url":"https:\/\/www.psl.fi\/sv\/","logo":{"@type":"ImageObject","inLanguage":"sv-SE","@id":"https:\/\/www.psl.fi\/sv\/#\/schema\/logo\/image\/","url":"https:\/\/www.psl.fi\/wp-content\/uploads\/2018\/09\/lindstrom-logo.png","contentUrl":"https:\/\/www.psl.fi\/wp-content\/uploads\/2018\/09\/lindstrom-logo.png","width":600,"height":116,"caption":"Peltisep\u00e4nliike T Lindstr\u00f6m Oy"},"image":{"@id":"https:\/\/www.psl.fi\/sv\/#\/schema\/logo\/image\/"}}]}},"_links":{"self":[{"href":"https:\/\/www.psl.fi\/sv\/wp-json\/wp\/v2\/pages\/487","targetHints":{"allow":["GET"]}}],"collection":[{"href":"https:\/\/www.psl.fi\/sv\/wp-json\/wp\/v2\/pages"}],"about":[{"href":"https:\/\/www.psl.fi\/sv\/wp-json\/wp\/v2\/types\/page"}],"author":[{"embeddable":true,"href":"https:\/\/www.psl.fi\/sv\/wp-json\/wp\/v2\/users\/2"}],"replies":[{"embeddable":true,"href":"https:\/\/www.psl.fi\/sv\/wp-json\/wp\/v2\/comments?post=487"}],"version-history":[{"count":1,"href":"https:\/\/www.psl.fi\/sv\/wp-json\/wp\/v2\/pages\/487\/revisions"}],"predecessor-version":[{"id":666,"href":"https:\/\/www.psl.fi\/sv\/wp-json\/wp\/v2\/pages\/487\/revisions\/666"}],"wp:attachment":[{"href":"https:\/\/www.psl.fi\/sv\/wp-json\/wp\/v2\/media?parent=487"}],"curies":[{"name":"wp","href":"https:\/\/api.w.org\/{rel}","templated":true}]}}