{"id":50,"date":"2018-09-12T15:50:51","date_gmt":"2018-09-12T12:50:51","guid":{"rendered":"https:\/\/www.psl.fi\/?page_id=50"},"modified":"2018-10-19T15:44:51","modified_gmt":"2018-10-19T12:44:51","slug":"referensbilder","status":"publish","type":"page","link":"https:\/\/www.psl.fi\/sv\/referensbilder\/","title":{"rendered":"Referensbilder"},"content":{"rendered":"<p>[et_pb_section bb_built=&#8221;1&#8243;][et_pb_row][et_pb_column type=&#8221;4_4&#8243;][et_pb_gallery _builder_version=&#8221;3.17.2&#8243; gallery_ids=&#8221;136,132,130,128,126,124,122,116,118,114,120,96,98,100,102,104,106,108,110,112,134,94&#8243; db_image_max_width_tablet=&#8221;51&#8243; db_image_max_height_tablet=&#8221;501&#8243; db_image_row_spacing_tablet=&#8221;51&#8243; db_image_object_fit=&#8221;initial&#8221; zoom_icon_color=&#8221;#2ea3f2&#8243; hover_overlay_color=&#8221;rgba(255,255,255,0.9)&#8221; db_image_center_titles=&#8221;left&#8221; posts_number=&#8221;20&#8243; show_title_and_caption=&#8221;off&#8221; show_pagination=&#8221;off&#8221; \/][\/et_pb_column][\/et_pb_row][\/et_pb_section]<\/p>\n","protected":false},"excerpt":{"rendered":"<div class=\"et_pb_row et_pb_row_0 et_pb_row_empty\">\n\t\t\t\t\n\t\t\t\t\n\t\t\t\t\n\t\t\t\t\n\t\t\t\t\n\t\t\t<\/div>\n","protected":false},"author":2,"featured_media":0,"parent":0,"menu_order":2,"comment_status":"closed","ping_status":"closed","template":"","meta":{"_et_pb_use_builder":"on","_et_pb_old_content":"","_et_gb_content_width":"","footnotes":""},"class_list":["post-50","page","type-page","status-publish","hentry"],"yoast_head":"<!-- This site is optimized with the Yoast SEO plugin v27.5 - https:\/\/yoast.com\/product\/yoast-seo-wordpress\/ -->\n<title>Referensbilder - Peltisep&auml;nliike T Lindstr&ouml;m Oy<\/title>\n<meta name=\"robots\" content=\"index, follow, max-snippet:-1, max-image-preview:large, max-video-preview:-1\" \/>\n<link rel=\"canonical\" href=\"https:\/\/www.psl.fi\/sv\/referensbilder\/\" \/>\n<meta property=\"og:locale\" content=\"sv_SE\" \/>\n<meta property=\"og:type\" content=\"article\" \/>\n<meta property=\"og:title\" content=\"Referensbilder - Peltisep&auml;nliike T Lindstr&ouml;m Oy\" \/>\n<meta property=\"og:url\" content=\"https:\/\/www.psl.fi\/sv\/referensbilder\/\" \/>\n<meta property=\"og:site_name\" content=\"Peltisep&auml;nliike T Lindstr&ouml;m Oy\" \/>\n<meta property=\"article:modified_time\" content=\"2018-10-19T12:44:51+00:00\" \/>\n<meta name=\"twitter:card\" content=\"summary_large_image\" \/>\n<meta name=\"twitter:description\" content=\"[et_pb_row]\" \/>\n<script type=\"application\/ld+json\" class=\"yoast-schema-graph\">{\"@context\":\"https:\\\/\\\/schema.org\",\"@graph\":[{\"@type\":\"WebPage\",\"@id\":\"https:\\\/\\\/www.psl.fi\\\/sv\\\/referensbilder\\\/\",\"url\":\"https:\\\/\\\/www.psl.fi\\\/sv\\\/referensbilder\\\/\",\"name\":\"Referensbilder - Peltisep&auml;nliike T Lindstr&ouml;m Oy\",\"isPartOf\":{\"@id\":\"https:\\\/\\\/www.psl.fi\\\/sv\\\/#website\"},\"datePublished\":\"2018-09-12T12:50:51+00:00\",\"dateModified\":\"2018-10-19T12:44:51+00:00\",\"breadcrumb\":{\"@id\":\"https:\\\/\\\/www.psl.fi\\\/sv\\\/referensbilder\\\/#breadcrumb\"},\"inLanguage\":\"sv-SE\",\"potentialAction\":[{\"@type\":\"ReadAction\",\"target\":[\"https:\\\/\\\/www.psl.fi\\\/sv\\\/referensbilder\\\/\"]}]},{\"@type\":\"BreadcrumbList\",\"@id\":\"https:\\\/\\\/www.psl.fi\\\/sv\\\/referensbilder\\\/#breadcrumb\",\"itemListElement\":[{\"@type\":\"ListItem\",\"position\":1,\"name\":\"Home\",\"item\":\"https:\\\/\\\/www.psl.fi\\\/sv\\\/\"},{\"@type\":\"ListItem\",\"position\":2,\"name\":\"Referensbilder\"}]},{\"@type\":\"WebSite\",\"@id\":\"https:\\\/\\\/www.psl.fi\\\/sv\\\/#website\",\"url\":\"https:\\\/\\\/www.psl.fi\\\/sv\\\/\",\"name\":\"Peltisep\u00e4nliike T Lindstr\u00f6m Oy\",\"description\":\"Takrenoveringar samt pl\u00e5tarbeten\",\"publisher\":{\"@id\":\"https:\\\/\\\/www.psl.fi\\\/sv\\\/#organization\"},\"potentialAction\":[{\"@type\":\"SearchAction\",\"target\":{\"@type\":\"EntryPoint\",\"urlTemplate\":\"https:\\\/\\\/www.psl.fi\\\/sv\\\/?s={search_term_string}\"},\"query-input\":{\"@type\":\"PropertyValueSpecification\",\"valueRequired\":true,\"valueName\":\"search_term_string\"}}],\"inLanguage\":\"sv-SE\"},{\"@type\":\"Organization\",\"@id\":\"https:\\\/\\\/www.psl.fi\\\/sv\\\/#organization\",\"name\":\"Peltisep\u00e4nliike T Lindstr\u00f6m Oy\",\"url\":\"https:\\\/\\\/www.psl.fi\\\/sv\\\/\",\"logo\":{\"@type\":\"ImageObject\",\"inLanguage\":\"sv-SE\",\"@id\":\"https:\\\/\\\/www.psl.fi\\\/sv\\\/#\\\/schema\\\/logo\\\/image\\\/\",\"url\":\"https:\\\/\\\/www.psl.fi\\\/wp-content\\\/uploads\\\/2018\\\/09\\\/lindstrom-logo.png\",\"contentUrl\":\"https:\\\/\\\/www.psl.fi\\\/wp-content\\\/uploads\\\/2018\\\/09\\\/lindstrom-logo.png\",\"width\":600,\"height\":116,\"caption\":\"Peltisep\u00e4nliike T Lindstr\u00f6m Oy\"},\"image\":{\"@id\":\"https:\\\/\\\/www.psl.fi\\\/sv\\\/#\\\/schema\\\/logo\\\/image\\\/\"}}]}<\/script>\n<!-- \/ Yoast SEO plugin. -->","yoast_head_json":{"title":"Referensbilder - Peltisep&auml;nliike T Lindstr&ouml;m Oy","robots":{"index":"index","follow":"follow","max-snippet":"max-snippet:-1","max-image-preview":"max-image-preview:large","max-video-preview":"max-video-preview:-1"},"canonical":"https:\/\/www.psl.fi\/sv\/referensbilder\/","og_locale":"sv_SE","og_type":"article","og_title":"Referensbilder - Peltisep&auml;nliike T Lindstr&ouml;m Oy","og_url":"https:\/\/www.psl.fi\/sv\/referensbilder\/","og_site_name":"Peltisep&auml;nliike T Lindstr&ouml;m Oy","article_modified_time":"2018-10-19T12:44:51+00:00","twitter_card":"summary_large_image","twitter_description":"[et_pb_row]","schema":{"@context":"https:\/\/schema.org","@graph":[{"@type":"WebPage","@id":"https:\/\/www.psl.fi\/sv\/referensbilder\/","url":"https:\/\/www.psl.fi\/sv\/referensbilder\/","name":"Referensbilder - Peltisep&auml;nliike T Lindstr&ouml;m Oy","isPartOf":{"@id":"https:\/\/www.psl.fi\/sv\/#website"},"datePublished":"2018-09-12T12:50:51+00:00","dateModified":"2018-10-19T12:44:51+00:00","breadcrumb":{"@id":"https:\/\/www.psl.fi\/sv\/referensbilder\/#breadcrumb"},"inLanguage":"sv-SE","potentialAction":[{"@type":"ReadAction","target":["https:\/\/www.psl.fi\/sv\/referensbilder\/"]}]},{"@type":"BreadcrumbList","@id":"https:\/\/www.psl.fi\/sv\/referensbilder\/#breadcrumb","itemListElement":[{"@type":"ListItem","position":1,"name":"Home","item":"https:\/\/www.psl.fi\/sv\/"},{"@type":"ListItem","position":2,"name":"Referensbilder"}]},{"@type":"WebSite","@id":"https:\/\/www.psl.fi\/sv\/#website","url":"https:\/\/www.psl.fi\/sv\/","name":"Peltisep\u00e4nliike T Lindstr\u00f6m Oy","description":"Takrenoveringar samt pl\u00e5tarbeten","publisher":{"@id":"https:\/\/www.psl.fi\/sv\/#organization"},"potentialAction":[{"@type":"SearchAction","target":{"@type":"EntryPoint","urlTemplate":"https:\/\/www.psl.fi\/sv\/?s={search_term_string}"},"query-input":{"@type":"PropertyValueSpecification","valueRequired":true,"valueName":"search_term_string"}}],"inLanguage":"sv-SE"},{"@type":"Organization","@id":"https:\/\/www.psl.fi\/sv\/#organization","name":"Peltisep\u00e4nliike T Lindstr\u00f6m Oy","url":"https:\/\/www.psl.fi\/sv\/","logo":{"@type":"ImageObject","inLanguage":"sv-SE","@id":"https:\/\/www.psl.fi\/sv\/#\/schema\/logo\/image\/","url":"https:\/\/www.psl.fi\/wp-content\/uploads\/2018\/09\/lindstrom-logo.png","contentUrl":"https:\/\/www.psl.fi\/wp-content\/uploads\/2018\/09\/lindstrom-logo.png","width":600,"height":116,"caption":"Peltisep\u00e4nliike T Lindstr\u00f6m Oy"},"image":{"@id":"https:\/\/www.psl.fi\/sv\/#\/schema\/logo\/image\/"}}]}},"_links":{"self":[{"href":"https:\/\/www.psl.fi\/sv\/wp-json\/wp\/v2\/pages\/50","targetHints":{"allow":["GET"]}}],"collection":[{"href":"https:\/\/www.psl.fi\/sv\/wp-json\/wp\/v2\/pages"}],"about":[{"href":"https:\/\/www.psl.fi\/sv\/wp-json\/wp\/v2\/types\/page"}],"author":[{"embeddable":true,"href":"https:\/\/www.psl.fi\/sv\/wp-json\/wp\/v2\/users\/2"}],"replies":[{"embeddable":true,"href":"https:\/\/www.psl.fi\/sv\/wp-json\/wp\/v2\/comments?post=50"}],"version-history":[{"count":0,"href":"https:\/\/www.psl.fi\/sv\/wp-json\/wp\/v2\/pages\/50\/revisions"}],"wp:attachment":[{"href":"https:\/\/www.psl.fi\/sv\/wp-json\/wp\/v2\/media?parent=50"}],"curies":[{"name":"wp","href":"https:\/\/api.w.org\/{rel}","templated":true}]}}